{"id":3093,"date":"2025-12-30T16:01:40","date_gmt":"2025-12-30T16:01:40","guid":{"rendered":"https:\/\/reunionrestaurant.hr\/?page_id=3093"},"modified":"2026-02-13T11:55:20","modified_gmt":"2026-02-13T11:55:20","slug":"aperitivo-hour","status":"publish","type":"page","link":"https:\/\/reunionrestaurant.hr\/en\/aperitivo-hour\/","title":{"rendered":"CINEMA WEDNESDAY"},"content":{"rendered":"<div data-elementor-type=\"wp-page\" data-elementor-id=\"3093\" class=\"elementor elementor-3093\">\n\t\t\t\t\t\t<section class=\"elementor-section elementor-top-section elementor-element elementor-element-65cb617 elementor-section-boxed elementor-section-height-default elementor-section-height-default\" data-id=\"65cb617\" data-element_type=\"section\">\n\t\t\t\t\t\t<div class=\"elementor-container elementor-column-gap-default\">\n\t\t\t\t\t<div class=\"elementor-column elementor-col-100 elementor-top-column elementor-element elementor-element-7bcbb1b\" data-id=\"7bcbb1b\" data-element_type=\"column\">\n\t\t\t<div class=\"elementor-widget-wrap elementor-element-populated\">\n\t\t\t\t\t\t<div class=\"elementor-element elementor-element-2dd3630 elementor-widget elementor-widget-text-editor\" data-id=\"2dd3630\" data-element_type=\"widget\" data-widget_type=\"text-editor.default\">\n\t\t\t\t<div class=\"elementor-widget-container\">\n\t\t\t\t\t\t\t\t\t<p>\u00a0<\/p><p>Svake srijede, u terminu od <strong>16:00 do 23:00 sata<\/strong>,\u00a0 <strong>ReUnion restoran<\/strong>\u00a0donosi posebnu promo ponudu <strong>Cinema Wednesday<\/strong> \u2014 osmi\u0161ljenu za sve koji \u017eele spojiti dobru hranu, pi\u0107e i opu\u0161tenu filmsku ve\u010der u gradu.<\/p><p>Bilo da ste u prolazu prije ili nakon kina ili planirate ve\u010der u gradu, Cinema Wednesday donosi izdvojenu promo ponudu hrane i pi\u0107a, dostupnu svake srijede u ReUnionu.<\/p><p><strong>Promo ponuda uklju\u010duje:<\/strong><\/p><ul><li><strong>Fish &amp; Chips<\/strong> uz pivo 0,3 l ili Coca-Colu \u2013 <strong>12 \u20ac<\/strong><\/li><li><strong>Burger CANOPY<\/strong>\u00a0uz pivo 0,3 l ili Coca-Colu \u2013 <strong>14 \u20ac<\/strong><\/li><\/ul><p>Ponuda je dostupna <strong>svake srijede od 16:00 do 23:00 sata<\/strong>.<\/p>\t\t\t\t\t\t\t\t<\/div>\n\t\t\t\t<\/div>\n\t\t\t\t\t<\/div>\n\t\t<\/div>\n\t\t\t\t\t<\/div>\n\t\t<\/section>\n\t\t\t\t<\/div>","protected":false},"excerpt":{"rendered":"<p>\u00a0 Svake srijede, u terminu od 16:00 do 23:00 sata,\u00a0 ReUnion restoran\u00a0donosi posebnu promo ponudu Cinema Wednesday \u2014 osmi\u0161ljenu za sve koji \u017eele spojiti dobru hranu, pi\u0107e i opu\u0161tenu filmsku ve\u010der u gradu. Bilo da ste u prolazu prije ili nakon kina ili planirate ve\u010der u gradu, Cinema Wednesday donosi izdvojenu promo ponudu hrane i [&hellip;]<\/p>","protected":false},"author":3,"featured_media":0,"parent":0,"menu_order":0,"comment_status":"closed","ping_status":"closed","template":"","meta":{"_monsterinsights_skip_tracking":false,"_monsterinsights_sitenote_active":false,"_monsterinsights_sitenote_note":"","_monsterinsights_sitenote_category":0,"_uf_show_specific_survey":0,"_uf_disable_surveys":false,"footnotes":""},"class_list":["post-3093","page","type-page","status-publish","hentry"],"aioseo_notices":[],"_links":{"self":[{"href":"https:\/\/reunionrestaurant.hr\/en\/wp-json\/wp\/v2\/pages\/3093","targetHints":{"allow":["GET"]}}],"collection":[{"href":"https:\/\/reunionrestaurant.hr\/en\/wp-json\/wp\/v2\/pages"}],"about":[{"href":"https:\/\/reunionrestaurant.hr\/en\/wp-json\/wp\/v2\/types\/page"}],"author":[{"embeddable":true,"href":"https:\/\/reunionrestaurant.hr\/en\/wp-json\/wp\/v2\/users\/3"}],"replies":[{"embeddable":true,"href":"https:\/\/reunionrestaurant.hr\/en\/wp-json\/wp\/v2\/comments?post=3093"}],"version-history":[{"count":15,"href":"https:\/\/reunionrestaurant.hr\/en\/wp-json\/wp\/v2\/pages\/3093\/revisions"}],"predecessor-version":[{"id":3122,"href":"https:\/\/reunionrestaurant.hr\/en\/wp-json\/wp\/v2\/pages\/3093\/revisions\/3122"}],"wp:attachment":[{"href":"https:\/\/reunionrestaurant.hr\/en\/wp-json\/wp\/v2\/media?parent=3093"}],"curies":[{"name":"wp","href":"https:\/\/api.w.org\/{rel}","templated":true}]}}