{"id":39,"date":"2023-02-13T13:41:44","date_gmt":"2023-02-13T13:41:44","guid":{"rendered":"https:\/\/reunionrestaurant.hr\/?page_id=39"},"modified":"2023-02-17T14:20:18","modified_gmt":"2023-02-17T14:20:18","slug":"obiteljske-proslave","status":"publish","type":"page","link":"https:\/\/reunionrestaurant.hr\/en\/posebne-ponude\/obiteljske-proslave\/","title":{"rendered":"FAMILY CELEBRATIONS"},"content":{"rendered":"<div data-elementor-type=\"wp-page\" data-elementor-id=\"39\" class=\"elementor elementor-39\">\n\t\t\t\t\t\t<section class=\"elementor-section elementor-top-section elementor-element elementor-element-6392decc elementor-section-full_width elementor-section-height-default elementor-section-height-default\" data-id=\"6392decc\" data-element_type=\"section\" data-settings=\"{&quot;background_background&quot;:&quot;classic&quot;}\">\n\t\t\t\t\t\t<div class=\"elementor-container elementor-column-gap-default\">\n\t\t\t\t\t<div class=\"elementor-column elementor-col-100 elementor-top-column elementor-element elementor-element-1e9df47c\" data-id=\"1e9df47c\" data-element_type=\"column\">\n\t\t\t<div class=\"elementor-widget-wrap elementor-element-populated\">\n\t\t\t\t\t\t<div class=\"elementor-element elementor-element-e23bb0f elementor-widget elementor-widget-spacer\" data-id=\"e23bb0f\" data-element_type=\"widget\" data-widget_type=\"spacer.default\">\n\t\t\t\t<div class=\"elementor-widget-container\">\n\t\t\t\t\t\t\t<div class=\"elementor-spacer\">\n\t\t\t<div class=\"elementor-spacer-inner\"><\/div>\n\t\t<\/div>\n\t\t\t\t\t\t<\/div>\n\t\t\t\t<\/div>\n\t\t\t\t<div class=\"elementor-element elementor-element-56e7bafa elementor-widget elementor-widget-heading\" data-id=\"56e7bafa\" data-element_type=\"widget\" data-widget_type=\"heading.default\">\n\t\t\t\t<div class=\"elementor-widget-container\">\n\t\t\t\t\t<h2 class=\"elementor-heading-title elementor-size-default\">FAMILY CELEBRATIONS<\/h2>\t\t\t\t<\/div>\n\t\t\t\t<\/div>\n\t\t\t\t<div class=\"elementor-element elementor-element-cf3042c elementor-widget elementor-widget-spacer\" data-id=\"cf3042c\" data-element_type=\"widget\" data-widget_type=\"spacer.default\">\n\t\t\t\t<div class=\"elementor-widget-container\">\n\t\t\t\t\t\t\t<div class=\"elementor-spacer\">\n\t\t\t<div class=\"elementor-spacer-inner\"><\/div>\n\t\t<\/div>\n\t\t\t\t\t\t<\/div>\n\t\t\t\t<\/div>\n\t\t\t\t\t<\/div>\n\t\t<\/div>\n\t\t\t\t\t<\/div>\n\t\t<\/section>\n\t\t\t\t<section class=\"elementor-section elementor-top-section elementor-element elementor-element-6453e92 elementor-section-boxed elementor-section-height-default elementor-section-height-default\" data-id=\"6453e92\" data-element_type=\"section\">\n\t\t\t\t\t\t<div class=\"elementor-container elementor-column-gap-default\">\n\t\t\t\t\t<div class=\"elementor-column elementor-col-100 elementor-top-column elementor-element elementor-element-47ac2ba\" data-id=\"47ac2ba\" data-element_type=\"column\">\n\t\t\t<div class=\"elementor-widget-wrap elementor-element-populated\">\n\t\t\t\t\t\t<div class=\"elementor-element elementor-element-05d6246 elementor-widget elementor-widget-spacer\" data-id=\"05d6246\" data-element_type=\"widget\" data-widget_type=\"spacer.default\">\n\t\t\t\t<div class=\"elementor-widget-container\">\n\t\t\t\t\t\t\t<div class=\"elementor-spacer\">\n\t\t\t<div class=\"elementor-spacer-inner\"><\/div>\n\t\t<\/div>\n\t\t\t\t\t\t<\/div>\n\t\t\t\t<\/div>\n\t\t\t\t\t<\/div>\n\t\t<\/div>\n\t\t\t\t\t<\/div>\n\t\t<\/section>\n\t\t\t\t<section class=\"elementor-section elementor-top-section elementor-element elementor-element-35cfd2d8 elementor-section-boxed elementor-section-height-default elementor-section-height-default\" data-id=\"35cfd2d8\" data-element_type=\"section\">\n\t\t\t\t\t\t<div class=\"elementor-container elementor-column-gap-default\">\n\t\t\t\t\t<div class=\"elementor-column elementor-col-50 elementor-top-column elementor-element elementor-element-4ebbf1d9\" data-id=\"4ebbf1d9\" data-element_type=\"column\">\n\t\t\t<div class=\"elementor-widget-wrap elementor-element-populated\">\n\t\t\t\t\t\t<div class=\"elementor-element elementor-element-63d810b2 gallery-spacing-custom elementor-widget elementor-widget-image-gallery\" data-id=\"63d810b2\" data-element_type=\"widget\" data-widget_type=\"image-gallery.default\">\n\t\t\t\t<div class=\"elementor-widget-container\">\n\t\t\t\t\t\t\t<div class=\"elementor-image-gallery\">\n\t\t\t<div id='gallery-1' class='gallery galleryid-39 gallery-columns-1 gallery-size-large'><figure class='gallery-item'>\n\t\t\t<div class='gallery-icon landscape'>\n\t\t\t\t<a data-elementor-open-lightbox=\"yes\" data-elementor-lightbox-slideshow=\"63d810b2\" data-elementor-lightbox-title=\"kugla\" data-e-action-hash=\"#elementor-action%3Aaction%3Dlightbox%26settings%3DeyJpZCI6Mjg5LCJ1cmwiOiJodHRwczpcL1wvcmV1bmlvbnJlc3RhdXJhbnQuaHJcL3dwLWNvbnRlbnRcL3VwbG9hZHNcLzIwMjNcLzAyXC9rdWdsYS5qcGVnIiwic2xpZGVzaG93IjoiNjNkODEwYjIifQ%3D%3D\" href='https:\/\/reunionrestaurant.hr\/wp-content\/uploads\/2023\/02\/kugla.jpeg'><img fetchpriority=\"high\" decoding=\"async\" width=\"800\" height=\"800\" src=\"https:\/\/reunionrestaurant.hr\/wp-content\/uploads\/2023\/02\/kugla-1024x1024.jpeg\" class=\"attachment-large size-large\" alt=\"\" srcset=\"https:\/\/reunionrestaurant.hr\/wp-content\/uploads\/2023\/02\/kugla-1024x1024.jpeg 1024w, https:\/\/reunionrestaurant.hr\/wp-content\/uploads\/2023\/02\/kugla-300x300.jpeg 300w, https:\/\/reunionrestaurant.hr\/wp-content\/uploads\/2023\/02\/kugla-150x150.jpeg 150w, https:\/\/reunionrestaurant.hr\/wp-content\/uploads\/2023\/02\/kugla-768x768.jpeg 768w, https:\/\/reunionrestaurant.hr\/wp-content\/uploads\/2023\/02\/kugla.jpeg 1080w\" sizes=\"(max-width: 800px) 100vw, 800px\" \/><\/a>\n\t\t\t<\/div><\/figure>\n\t\t<\/div>\n\t\t<\/div>\n\t\t\t\t\t\t<\/div>\n\t\t\t\t<\/div>\n\t\t\t\t\t<\/div>\n\t\t<\/div>\n\t\t\t\t<div class=\"elementor-column elementor-col-50 elementor-top-column elementor-element elementor-element-3f59d3c8\" data-id=\"3f59d3c8\" data-element_type=\"column\">\n\t\t\t<div class=\"elementor-widget-wrap elementor-element-populated\">\n\t\t\t\t\t\t<div class=\"elementor-element elementor-element-5ef1a3ac elementor-widget elementor-widget-heading\" data-id=\"5ef1a3ac\" data-element_type=\"widget\" data-widget_type=\"heading.default\">\n\t\t\t\t<div class=\"elementor-widget-container\">\n\t\t\t\t\t<h2 class=\"elementor-heading-title elementor-size-default\">Favourite<\/h2>\t\t\t\t<\/div>\n\t\t\t\t<\/div>\n\t\t\t\t<div class=\"elementor-element elementor-element-3e021c50 elementor-widget elementor-widget-heading\" data-id=\"3e021c50\" data-element_type=\"widget\" data-widget_type=\"heading.default\">\n\t\t\t\t<div class=\"elementor-widget-container\">\n\t\t\t\t\t<h2 class=\"elementor-heading-title elementor-size-default\">MOMENTS<\/h2>\t\t\t\t<\/div>\n\t\t\t\t<\/div>\n\t\t\t\t<div class=\"elementor-element elementor-element-382022a elementor-widget elementor-widget-text-editor\" data-id=\"382022a\" data-element_type=\"widget\" data-widget_type=\"text-editor.default\">\n\t\t\t\t<div class=\"elementor-widget-container\">\n\t\t\t\t\t\t\t\t\t<p>On the first floor there are two modern, unconventional conference rooms named after the two great inventors of Tesla and Penkala. This is an ideal place for smaller family celebrations; baptists, first Communion, birthdays, chrisms and anniversaries up to 60 people. At your disposal is Pantry, a room for serving food, cocktails or sweet snacks with a small terrace for outdoor socializing. For more formal and larger celebrations, we recommend an eclectic ReUnion restaurant space where professional and friendly staff will meet all your expectations.<\/p>\t\t\t\t\t\t\t\t<\/div>\n\t\t\t\t<\/div>\n\t\t\t\t\t<\/div>\n\t\t<\/div>\n\t\t\t\t\t<\/div>\n\t\t<\/section>\n\t\t\t\t<\/div>","protected":false},"excerpt":{"rendered":"<p>OBITELJSKE PROSLAVE Najdra\u017ei TRENUCI Na prvom katu hotela nalaze se na\u0161e dvije dizajnerski ure\u0111ene, nekonvencionalne dvorane nazvane po dvojici velikih izumitelja Tesli i Penkali. Obje dvorane mogu se spojiti te zajedno s Pantryjem \u010dine funkcionalnu cjelinu idealnu za privatne proslave. Neka one budu mala oaza i nezaboravno mjesto u kojem \u0107ete obilje\u017eiti i proslaviti najljep\u0161e [&hellip;]<\/p>","protected":false},"author":1,"featured_media":0,"parent":19,"menu_order":0,"comment_status":"closed","ping_status":"closed","template":"","meta":{"_monsterinsights_skip_tracking":false,"_monsterinsights_sitenote_active":false,"_monsterinsights_sitenote_note":"","_monsterinsights_sitenote_category":0,"_uf_show_specific_survey":0,"_uf_disable_surveys":false,"footnotes":""},"class_list":["post-39","page","type-page","status-publish","hentry"],"aioseo_notices":[],"_links":{"self":[{"href":"https:\/\/reunionrestaurant.hr\/en\/wp-json\/wp\/v2\/pages\/39","targetHints":{"allow":["GET"]}}],"collection":[{"href":"https:\/\/reunionrestaurant.hr\/en\/wp-json\/wp\/v2\/pages"}],"about":[{"href":"https:\/\/reunionrestaurant.hr\/en\/wp-json\/wp\/v2\/types\/page"}],"author":[{"embeddable":true,"href":"https:\/\/reunionrestaurant.hr\/en\/wp-json\/wp\/v2\/users\/1"}],"replies":[{"embeddable":true,"href":"https:\/\/reunionrestaurant.hr\/en\/wp-json\/wp\/v2\/comments?post=39"}],"version-history":[{"count":4,"href":"https:\/\/reunionrestaurant.hr\/en\/wp-json\/wp\/v2\/pages\/39\/revisions"}],"predecessor-version":[{"id":1273,"href":"https:\/\/reunionrestaurant.hr\/en\/wp-json\/wp\/v2\/pages\/39\/revisions\/1273"}],"up":[{"embeddable":true,"href":"https:\/\/reunionrestaurant.hr\/en\/wp-json\/wp\/v2\/pages\/19"}],"wp:attachment":[{"href":"https:\/\/reunionrestaurant.hr\/en\/wp-json\/wp\/v2\/media?parent=39"}],"curies":[{"name":"wp","href":"https:\/\/api.w.org\/{rel}","templated":true}]}}