{"id":45,"date":"2023-02-13T13:42:16","date_gmt":"2023-02-13T13:42:16","guid":{"rendered":"https:\/\/reunionrestaurant.hr\/?page_id=45"},"modified":"2023-02-14T08:58:08","modified_gmt":"2023-02-14T08:58:08","slug":"reunion-prica","status":"publish","type":"page","link":"https:\/\/reunionrestaurant.hr\/en\/o-nama\/reunion-prica\/","title":{"rendered":"REUNION STORY"},"content":{"rendered":"<div data-elementor-type=\"wp-page\" data-elementor-id=\"45\" class=\"elementor elementor-45\">\n\t\t\t\t\t\t<section class=\"elementor-section elementor-top-section elementor-element elementor-element-7316d1d0 elementor-section-full_width elementor-section-height-default elementor-section-height-default\" data-id=\"7316d1d0\" data-element_type=\"section\" data-settings=\"{&quot;background_background&quot;:&quot;classic&quot;}\">\n\t\t\t\t\t\t<div class=\"elementor-container elementor-column-gap-default\">\n\t\t\t\t\t<div class=\"elementor-column elementor-col-100 elementor-top-column elementor-element elementor-element-404f7704\" data-id=\"404f7704\" data-element_type=\"column\">\n\t\t\t<div class=\"elementor-widget-wrap elementor-element-populated\">\n\t\t\t\t\t\t<div class=\"elementor-element elementor-element-65ce8ac6 elementor-widget elementor-widget-spacer\" data-id=\"65ce8ac6\" data-element_type=\"widget\" data-widget_type=\"spacer.default\">\n\t\t\t\t<div class=\"elementor-widget-container\">\n\t\t\t\t\t\t\t<div class=\"elementor-spacer\">\n\t\t\t<div class=\"elementor-spacer-inner\"><\/div>\n\t\t<\/div>\n\t\t\t\t\t\t<\/div>\n\t\t\t\t<\/div>\n\t\t\t\t<div class=\"elementor-element elementor-element-4fa7228a elementor-widget elementor-widget-heading\" data-id=\"4fa7228a\" data-element_type=\"widget\" data-widget_type=\"heading.default\">\n\t\t\t\t<div class=\"elementor-widget-container\">\n\t\t\t\t\t<h1 class=\"elementor-heading-title elementor-size-default\">UNIQUE HISTORY<\/h1>\t\t\t\t<\/div>\n\t\t\t\t<\/div>\n\t\t\t\t<div class=\"elementor-element elementor-element-1c9e5b2c elementor-widget elementor-widget-spacer\" data-id=\"1c9e5b2c\" data-element_type=\"widget\" data-widget_type=\"spacer.default\">\n\t\t\t\t<div class=\"elementor-widget-container\">\n\t\t\t\t\t\t\t<div class=\"elementor-spacer\">\n\t\t\t<div class=\"elementor-spacer-inner\"><\/div>\n\t\t<\/div>\n\t\t\t\t\t\t<\/div>\n\t\t\t\t<\/div>\n\t\t\t\t\t<\/div>\n\t\t<\/div>\n\t\t\t\t\t<\/div>\n\t\t<\/section>\n\t\t\t\t<section class=\"elementor-section elementor-top-section elementor-element elementor-element-d7efd1a elementor-section-boxed elementor-section-height-default elementor-section-height-default\" data-id=\"d7efd1a\" data-element_type=\"section\">\n\t\t\t\t\t\t<div class=\"elementor-container elementor-column-gap-default\">\n\t\t\t\t\t<div class=\"elementor-column elementor-col-100 elementor-top-column elementor-element elementor-element-d164a12\" data-id=\"d164a12\" data-element_type=\"column\">\n\t\t\t<div class=\"elementor-widget-wrap elementor-element-populated\">\n\t\t\t\t\t\t<div class=\"elementor-element elementor-element-f0fefa9 elementor-widget elementor-widget-spacer\" data-id=\"f0fefa9\" data-element_type=\"widget\" data-widget_type=\"spacer.default\">\n\t\t\t\t<div class=\"elementor-widget-container\">\n\t\t\t\t\t\t\t<div class=\"elementor-spacer\">\n\t\t\t<div class=\"elementor-spacer-inner\"><\/div>\n\t\t<\/div>\n\t\t\t\t\t\t<\/div>\n\t\t\t\t<\/div>\n\t\t\t\t\t<\/div>\n\t\t<\/div>\n\t\t\t\t\t<\/div>\n\t\t<\/section>\n\t\t\t\t<section class=\"elementor-section elementor-top-section elementor-element elementor-element-26bedc0b elementor-section-boxed elementor-section-height-default elementor-section-height-default\" data-id=\"26bedc0b\" data-element_type=\"section\">\n\t\t\t\t\t\t<div class=\"elementor-container elementor-column-gap-default\">\n\t\t\t\t\t<div class=\"elementor-column elementor-col-50 elementor-top-column elementor-element elementor-element-160da745\" data-id=\"160da745\" data-element_type=\"column\">\n\t\t\t<div class=\"elementor-widget-wrap elementor-element-populated\">\n\t\t\t\t\t\t<div class=\"elementor-element elementor-element-3ac11faa gallery-spacing-custom elementor-widget elementor-widget-image-gallery\" data-id=\"3ac11faa\" data-element_type=\"widget\" data-widget_type=\"image-gallery.default\">\n\t\t\t\t<div class=\"elementor-widget-container\">\n\t\t\t\t\t\t\t<div class=\"elementor-image-gallery\">\n\t\t\t<div id='gallery-1' class='gallery galleryid-45 gallery-columns-1 gallery-size-large'><figure class='gallery-item'>\n\t\t\t<div class='gallery-icon landscape'>\n\t\t\t\t<a data-elementor-open-lightbox=\"yes\" data-elementor-lightbox-slideshow=\"3ac11faa\" data-elementor-lightbox-title=\"zagzc_social-table\" data-e-action-hash=\"#elementor-action%3Aaction%3Dlightbox%26settings%3DeyJpZCI6MzI3LCJ1cmwiOiJodHRwczpcL1wvcmV1bmlvbnJlc3RhdXJhbnQuaHJcL3dwLWNvbnRlbnRcL3VwbG9hZHNcLzIwMjNcLzAyXC96YWd6Y19zb2NpYWwtdGFibGUuanBnIiwic2xpZGVzaG93IjoiM2FjMTFmYWEifQ%3D%3D\" href='https:\/\/reunionrestaurant.hr\/wp-content\/uploads\/2023\/02\/zagzc_social-table.jpg'><img fetchpriority=\"high\" decoding=\"async\" width=\"800\" height=\"800\" src=\"https:\/\/reunionrestaurant.hr\/wp-content\/uploads\/2023\/02\/zagzc_social-table-1024x1024.jpg\" class=\"attachment-large size-large\" alt=\"\" srcset=\"https:\/\/reunionrestaurant.hr\/wp-content\/uploads\/2023\/02\/zagzc_social-table-1024x1024.jpg 1024w, https:\/\/reunionrestaurant.hr\/wp-content\/uploads\/2023\/02\/zagzc_social-table-300x300.jpg 300w, https:\/\/reunionrestaurant.hr\/wp-content\/uploads\/2023\/02\/zagzc_social-table-150x150.jpg 150w, https:\/\/reunionrestaurant.hr\/wp-content\/uploads\/2023\/02\/zagzc_social-table-768x768.jpg 768w, https:\/\/reunionrestaurant.hr\/wp-content\/uploads\/2023\/02\/zagzc_social-table.jpg 1080w\" sizes=\"(max-width: 800px) 100vw, 800px\" \/><\/a>\n\t\t\t<\/div><\/figure>\n\t\t<\/div>\n\t\t<\/div>\n\t\t\t\t\t\t<\/div>\n\t\t\t\t<\/div>\n\t\t\t\t\t<\/div>\n\t\t<\/div>\n\t\t\t\t<div class=\"elementor-column elementor-col-50 elementor-top-column elementor-element elementor-element-3952b80a\" data-id=\"3952b80a\" data-element_type=\"column\">\n\t\t\t<div class=\"elementor-widget-wrap elementor-element-populated\">\n\t\t\t\t\t\t<div class=\"elementor-element elementor-element-2d6f4e11 elementor-widget elementor-widget-heading\" data-id=\"2d6f4e11\" data-element_type=\"widget\" data-widget_type=\"heading.default\">\n\t\t\t\t<div class=\"elementor-widget-container\">\n\t\t\t\t\t<h2 class=\"elementor-heading-title elementor-size-default\">ReUnion<\/h2>\t\t\t\t<\/div>\n\t\t\t\t<\/div>\n\t\t\t\t<div class=\"elementor-element elementor-element-431b8fbd elementor-widget elementor-widget-heading\" data-id=\"431b8fbd\" data-element_type=\"widget\" data-widget_type=\"heading.default\">\n\t\t\t\t<div class=\"elementor-widget-container\">\n\t\t\t\t\t<h2 class=\"elementor-heading-title elementor-size-default\">STORY<\/h2>\t\t\t\t<\/div>\n\t\t\t\t<\/div>\n\t\t\t\t<div class=\"elementor-element elementor-element-7248b0fb elementor-widget elementor-widget-text-editor\" data-id=\"7248b0fb\" data-element_type=\"widget\" data-widget_type=\"text-editor.default\">\n\t\t\t\t<div class=\"elementor-widget-container\">\n\t\t\t\t\t\t\t\t\t<p>The Canopy by Hilton hotel contains the most interesting and charming dashes from Zagreb\u2019s history. They are woven into every part of our restaurant, but also the hotel itself that is the keeper of the neighborhood history that keeps important moments of its past from oblivion.<br \/><br \/>The hotel is located on the site of the former sweetest place in the neighborhood, the famous Union factory, so it is no wonder that it served as the inspiration for a restaurant that is a kind of homage to the food industry in which you will find many old-fashioned and retro graphic works created by the most eminent Croatian artists.<\/p>\t\t\t\t\t\t\t\t<\/div>\n\t\t\t\t<\/div>\n\t\t\t\t\t<\/div>\n\t\t<\/div>\n\t\t\t\t\t<\/div>\n\t\t<\/section>\n\t\t\t\t<\/div>","protected":false},"excerpt":{"rendered":"<p>JEDINSTVENA POVIJEST ReUnion PRI\u010cA Canopy by Hilton hotel \u010duvar je kvartovske povijesti, koji va\u017ene trenutke njegove pro\u0161losti \u010duva od zaborava. Sadr\u017ei zanimljive i \u0161armantne crtice zagreba\u010dke povijesti koje su jedinstvenim dizajnom i prepoznatljivom gastronomijom utkane i u restoran ReUnion. Hotel se nalazi na mjestu nekada\u0161njeg najsla\u0111eg mjesta u kvartu, slavne tvornice kandita i \u010dokolade Union, [&hellip;]<\/p>","protected":false},"author":1,"featured_media":0,"parent":23,"menu_order":0,"comment_status":"closed","ping_status":"closed","template":"","meta":{"_monsterinsights_skip_tracking":false,"_monsterinsights_sitenote_active":false,"_monsterinsights_sitenote_note":"","_monsterinsights_sitenote_category":0,"_uf_show_specific_survey":0,"_uf_disable_surveys":false,"footnotes":""},"class_list":["post-45","page","type-page","status-publish","hentry"],"aioseo_notices":[],"_links":{"self":[{"href":"https:\/\/reunionrestaurant.hr\/en\/wp-json\/wp\/v2\/pages\/45","targetHints":{"allow":["GET"]}}],"collection":[{"href":"https:\/\/reunionrestaurant.hr\/en\/wp-json\/wp\/v2\/pages"}],"about":[{"href":"https:\/\/reunionrestaurant.hr\/en\/wp-json\/wp\/v2\/types\/page"}],"author":[{"embeddable":true,"href":"https:\/\/reunionrestaurant.hr\/en\/wp-json\/wp\/v2\/users\/1"}],"replies":[{"embeddable":true,"href":"https:\/\/reunionrestaurant.hr\/en\/wp-json\/wp\/v2\/comments?post=45"}],"version-history":[{"count":16,"href":"https:\/\/reunionrestaurant.hr\/en\/wp-json\/wp\/v2\/pages\/45\/revisions"}],"predecessor-version":[{"id":352,"href":"https:\/\/reunionrestaurant.hr\/en\/wp-json\/wp\/v2\/pages\/45\/revisions\/352"}],"up":[{"embeddable":true,"href":"https:\/\/reunionrestaurant.hr\/en\/wp-json\/wp\/v2\/pages\/23"}],"wp:attachment":[{"href":"https:\/\/reunionrestaurant.hr\/en\/wp-json\/wp\/v2\/media?parent=45"}],"curies":[{"name":"wp","href":"https:\/\/api.w.org\/{rel}","templated":true}]}}