{"id":47,"date":"2023-02-13T13:42:26","date_gmt":"2023-02-13T13:42:26","guid":{"rendered":"https:\/\/reunionrestaurant.hr\/?page_id=47"},"modified":"2023-02-14T09:10:18","modified_gmt":"2023-02-14T09:10:18","slug":"canopy-central-bar-2","status":"publish","type":"page","link":"https:\/\/reunionrestaurant.hr\/en\/o-nama\/canopy-central-bar-2\/","title":{"rendered":"CANOPY CENTRAL bar"},"content":{"rendered":"<div data-elementor-type=\"wp-page\" data-elementor-id=\"47\" class=\"elementor elementor-47\">\n\t\t\t\t\t\t<section class=\"elementor-section elementor-top-section elementor-element elementor-element-67f03987 elementor-section-full_width elementor-section-height-default elementor-section-height-default\" data-id=\"67f03987\" data-element_type=\"section\" data-settings=\"{&quot;background_background&quot;:&quot;classic&quot;}\">\n\t\t\t\t\t\t<div class=\"elementor-container elementor-column-gap-default\">\n\t\t\t\t\t<div class=\"elementor-column elementor-col-100 elementor-top-column elementor-element elementor-element-50e4b8e6\" data-id=\"50e4b8e6\" data-element_type=\"column\">\n\t\t\t<div class=\"elementor-widget-wrap elementor-element-populated\">\n\t\t\t\t\t\t<div class=\"elementor-element elementor-element-1486d866 elementor-widget elementor-widget-spacer\" data-id=\"1486d866\" data-element_type=\"widget\" data-widget_type=\"spacer.default\">\n\t\t\t\t<div class=\"elementor-widget-container\">\n\t\t\t\t\t\t\t<div class=\"elementor-spacer\">\n\t\t\t<div class=\"elementor-spacer-inner\"><\/div>\n\t\t<\/div>\n\t\t\t\t\t\t<\/div>\n\t\t\t\t<\/div>\n\t\t\t\t<div class=\"elementor-element elementor-element-20099ca2 elementor-widget elementor-widget-heading\" data-id=\"20099ca2\" data-element_type=\"widget\" data-widget_type=\"heading.default\">\n\t\t\t\t<div class=\"elementor-widget-container\">\n\t\t\t\t\t<h2 class=\"elementor-heading-title elementor-size-default\">CANOPY CENTRAL BAR<\/h2>\t\t\t\t<\/div>\n\t\t\t\t<\/div>\n\t\t\t\t<div class=\"elementor-element elementor-element-2630599c elementor-widget elementor-widget-spacer\" data-id=\"2630599c\" data-element_type=\"widget\" data-widget_type=\"spacer.default\">\n\t\t\t\t<div class=\"elementor-widget-container\">\n\t\t\t\t\t\t\t<div class=\"elementor-spacer\">\n\t\t\t<div class=\"elementor-spacer-inner\"><\/div>\n\t\t<\/div>\n\t\t\t\t\t\t<\/div>\n\t\t\t\t<\/div>\n\t\t\t\t\t<\/div>\n\t\t<\/div>\n\t\t\t\t\t<\/div>\n\t\t<\/section>\n\t\t\t\t<section class=\"elementor-section elementor-top-section elementor-element elementor-element-db6c8de elementor-section-boxed elementor-section-height-default elementor-section-height-default\" data-id=\"db6c8de\" data-element_type=\"section\">\n\t\t\t\t\t\t<div class=\"elementor-container elementor-column-gap-default\">\n\t\t\t\t\t<div class=\"elementor-column elementor-col-100 elementor-top-column elementor-element elementor-element-5cc43f5\" data-id=\"5cc43f5\" data-element_type=\"column\">\n\t\t\t<div class=\"elementor-widget-wrap elementor-element-populated\">\n\t\t\t\t\t\t<div class=\"elementor-element elementor-element-de02eb3 elementor-widget elementor-widget-spacer\" data-id=\"de02eb3\" data-element_type=\"widget\" data-widget_type=\"spacer.default\">\n\t\t\t\t<div class=\"elementor-widget-container\">\n\t\t\t\t\t\t\t<div class=\"elementor-spacer\">\n\t\t\t<div class=\"elementor-spacer-inner\"><\/div>\n\t\t<\/div>\n\t\t\t\t\t\t<\/div>\n\t\t\t\t<\/div>\n\t\t\t\t\t<\/div>\n\t\t<\/div>\n\t\t\t\t\t<\/div>\n\t\t<\/section>\n\t\t\t\t<section class=\"elementor-section elementor-top-section elementor-element elementor-element-62e41010 elementor-section-boxed elementor-section-height-default elementor-section-height-default\" data-id=\"62e41010\" data-element_type=\"section\">\n\t\t\t\t\t\t<div class=\"elementor-container elementor-column-gap-default\">\n\t\t\t\t\t<div class=\"elementor-column elementor-col-50 elementor-top-column elementor-element elementor-element-8ef76bc\" data-id=\"8ef76bc\" data-element_type=\"column\">\n\t\t\t<div class=\"elementor-widget-wrap elementor-element-populated\">\n\t\t\t\t\t\t<div class=\"elementor-element elementor-element-48822a12 elementor-widget elementor-widget-heading\" data-id=\"48822a12\" data-element_type=\"widget\" data-widget_type=\"heading.default\">\n\t\t\t\t<div class=\"elementor-widget-container\">\n\t\t\t\t\t<h2 class=\"elementor-heading-title elementor-size-default\">Place for<\/h2>\t\t\t\t<\/div>\n\t\t\t\t<\/div>\n\t\t\t\t<div class=\"elementor-element elementor-element-206b25a6 elementor-widget elementor-widget-heading\" data-id=\"206b25a6\" data-element_type=\"widget\" data-widget_type=\"heading.default\">\n\t\t\t\t<div class=\"elementor-widget-container\">\n\t\t\t\t\t<h2 class=\"elementor-heading-title elementor-size-default\">THE GATHERING<\/h2>\t\t\t\t<\/div>\n\t\t\t\t<\/div>\n\t\t\t\t<div class=\"elementor-element elementor-element-22beb34 elementor-widget elementor-widget-text-editor\" data-id=\"22beb34\" data-element_type=\"widget\" data-widget_type=\"text-editor.default\">\n\t\t\t\t<div class=\"elementor-widget-container\">\n\t\t\t\t\t\t\t\t\t<p>The Canopy by Hilton hotel contains the most interesting and charming dashes from Zagreb\u2019s history. They are woven into every part of our restaurant, but also the hotel itself that is the keeper of the neighborhood history that keeps important moments of its past from oblivion.<\/p><p style=\"margin: 0cm; font-size: 12pt; font-family: 'Times New Roman', serif; color: #000000;\">Canopy Central Bar is a vibrant place in your neighborhood, full of positive energy where you\u2019re never alone. Coffee and a book, fantasizing with a signature cocktail, relaxing with friends, a craft beer and a few bar snacks is an unforgettable experience.<\/p>\t\t\t\t\t\t\t\t<\/div>\n\t\t\t\t<\/div>\n\t\t\t\t\t<\/div>\n\t\t<\/div>\n\t\t\t\t<div class=\"elementor-column elementor-col-50 elementor-top-column elementor-element elementor-element-6e206ea2\" data-id=\"6e206ea2\" data-element_type=\"column\">\n\t\t\t<div class=\"elementor-widget-wrap elementor-element-populated\">\n\t\t\t\t\t\t<div class=\"elementor-element elementor-element-2edf435b gallery-spacing-custom elementor-widget elementor-widget-image-gallery\" data-id=\"2edf435b\" data-element_type=\"widget\" data-widget_type=\"image-gallery.default\">\n\t\t\t\t<div class=\"elementor-widget-container\">\n\t\t\t\t\t\t\t<div class=\"elementor-image-gallery\">\n\t\t\t<div id='gallery-1' class='gallery galleryid-47 gallery-columns-1 gallery-size-large'><figure class='gallery-item'>\n\t\t\t<div class='gallery-icon landscape'>\n\t\t\t\t<a data-elementor-open-lightbox=\"yes\" data-elementor-lightbox-slideshow=\"2edf435b\" data-elementor-lightbox-title=\"bar\" data-e-action-hash=\"#elementor-action%3Aaction%3Dlightbox%26settings%3DeyJpZCI6MzgzLCJ1cmwiOiJodHRwczpcL1wvcmV1bmlvbnJlc3RhdXJhbnQuaHJcL3dwLWNvbnRlbnRcL3VwbG9hZHNcLzIwMjNcLzAyXC9iYXIuanBnIiwic2xpZGVzaG93IjoiMmVkZjQzNWIifQ%3D%3D\" href='https:\/\/reunionrestaurant.hr\/wp-content\/uploads\/2023\/02\/bar.jpg'><img fetchpriority=\"high\" decoding=\"async\" width=\"800\" height=\"800\" src=\"https:\/\/reunionrestaurant.hr\/wp-content\/uploads\/2023\/02\/bar-1024x1024.jpg\" class=\"attachment-large size-large\" alt=\"\" srcset=\"https:\/\/reunionrestaurant.hr\/wp-content\/uploads\/2023\/02\/bar-1024x1024.jpg 1024w, https:\/\/reunionrestaurant.hr\/wp-content\/uploads\/2023\/02\/bar-300x300.jpg 300w, https:\/\/reunionrestaurant.hr\/wp-content\/uploads\/2023\/02\/bar-150x150.jpg 150w, https:\/\/reunionrestaurant.hr\/wp-content\/uploads\/2023\/02\/bar-768x768.jpg 768w, https:\/\/reunionrestaurant.hr\/wp-content\/uploads\/2023\/02\/bar.jpg 1080w\" sizes=\"(max-width: 800px) 100vw, 800px\" \/><\/a>\n\t\t\t<\/div><\/figure>\n\t\t<\/div>\n\t\t<\/div>\n\t\t\t\t\t\t<\/div>\n\t\t\t\t<\/div>\n\t\t\t\t\t<\/div>\n\t\t<\/div>\n\t\t\t\t\t<\/div>\n\t\t<\/section>\n\t\t\t\t<\/div>","protected":false},"excerpt":{"rendered":"<p>CANOPY CENTRAL BAR Mjesto ZA OKUPLJANJE Canopy by Hilton hotel \u010duvar je kvartovske povijesti, koji va\u017ene trenutke njegove pro\u0161losti \u010duva od zaborava. Sadr\u017ei zanimljive i \u0161armantne crtice zagreba\u010dke povijesti koje su jedinstvenim dizajnom i prepoznatljivom gastronomijom utkane i u restoran ReUnion. Hotel se nalazi na mjestu nekada\u0161njeg najsla\u0111eg mjesta u kvartu, slavne tvornice kandita i [&hellip;]<\/p>","protected":false},"author":1,"featured_media":0,"parent":23,"menu_order":0,"comment_status":"closed","ping_status":"closed","template":"","meta":{"_monsterinsights_skip_tracking":false,"_monsterinsights_sitenote_active":false,"_monsterinsights_sitenote_note":"","_monsterinsights_sitenote_category":0,"_uf_show_specific_survey":0,"_uf_disable_surveys":false,"footnotes":""},"class_list":["post-47","page","type-page","status-publish","hentry"],"aioseo_notices":[],"_links":{"self":[{"href":"https:\/\/reunionrestaurant.hr\/en\/wp-json\/wp\/v2\/pages\/47","targetHints":{"allow":["GET"]}}],"collection":[{"href":"https:\/\/reunionrestaurant.hr\/en\/wp-json\/wp\/v2\/pages"}],"about":[{"href":"https:\/\/reunionrestaurant.hr\/en\/wp-json\/wp\/v2\/types\/page"}],"author":[{"embeddable":true,"href":"https:\/\/reunionrestaurant.hr\/en\/wp-json\/wp\/v2\/users\/1"}],"replies":[{"embeddable":true,"href":"https:\/\/reunionrestaurant.hr\/en\/wp-json\/wp\/v2\/comments?post=47"}],"version-history":[{"count":8,"href":"https:\/\/reunionrestaurant.hr\/en\/wp-json\/wp\/v2\/pages\/47\/revisions"}],"predecessor-version":[{"id":389,"href":"https:\/\/reunionrestaurant.hr\/en\/wp-json\/wp\/v2\/pages\/47\/revisions\/389"}],"up":[{"embeddable":true,"href":"https:\/\/reunionrestaurant.hr\/en\/wp-json\/wp\/v2\/pages\/23"}],"wp:attachment":[{"href":"https:\/\/reunionrestaurant.hr\/en\/wp-json\/wp\/v2\/media?parent=47"}],"curies":[{"name":"wp","href":"https:\/\/api.w.org\/{rel}","templated":true}]}}