{"id":49,"date":"2023-02-13T13:42:35","date_gmt":"2023-02-13T13:42:35","guid":{"rendered":"https:\/\/reunionrestaurant.hr\/?page_id=49"},"modified":"2023-02-14T09:15:06","modified_gmt":"2023-02-14T09:15:06","slug":"canopy-by-hilton","status":"publish","type":"page","link":"https:\/\/reunionrestaurant.hr\/en\/o-nama\/canopy-by-hilton\/","title":{"rendered":"CANOPY BY HILTON"},"content":{"rendered":"<div data-elementor-type=\"wp-page\" data-elementor-id=\"49\" class=\"elementor elementor-49\">\n\t\t\t\t\t\t<section class=\"elementor-section elementor-top-section elementor-element elementor-element-62a478c7 elementor-section-full_width elementor-section-height-default elementor-section-height-default\" data-id=\"62a478c7\" data-element_type=\"section\" data-settings=\"{&quot;background_background&quot;:&quot;classic&quot;}\">\n\t\t\t\t\t\t<div class=\"elementor-container elementor-column-gap-default\">\n\t\t\t\t\t<div class=\"elementor-column elementor-col-100 elementor-top-column elementor-element elementor-element-10414aa2\" data-id=\"10414aa2\" data-element_type=\"column\">\n\t\t\t<div class=\"elementor-widget-wrap elementor-element-populated\">\n\t\t\t\t\t\t<div class=\"elementor-element elementor-element-2aee7a9b elementor-widget elementor-widget-spacer\" data-id=\"2aee7a9b\" data-element_type=\"widget\" data-widget_type=\"spacer.default\">\n\t\t\t\t<div class=\"elementor-widget-container\">\n\t\t\t\t\t\t\t<div class=\"elementor-spacer\">\n\t\t\t<div class=\"elementor-spacer-inner\"><\/div>\n\t\t<\/div>\n\t\t\t\t\t\t<\/div>\n\t\t\t\t<\/div>\n\t\t\t\t<div class=\"elementor-element elementor-element-5a8a96e5 elementor-widget elementor-widget-heading\" data-id=\"5a8a96e5\" data-element_type=\"widget\" data-widget_type=\"heading.default\">\n\t\t\t\t<div class=\"elementor-widget-container\">\n\t\t\t\t\t<h2 class=\"elementor-heading-title elementor-size-default\">CANOPY BY HILTON<\/h2>\t\t\t\t<\/div>\n\t\t\t\t<\/div>\n\t\t\t\t<div class=\"elementor-element elementor-element-533a3044 elementor-widget elementor-widget-spacer\" data-id=\"533a3044\" data-element_type=\"widget\" data-widget_type=\"spacer.default\">\n\t\t\t\t<div class=\"elementor-widget-container\">\n\t\t\t\t\t\t\t<div class=\"elementor-spacer\">\n\t\t\t<div class=\"elementor-spacer-inner\"><\/div>\n\t\t<\/div>\n\t\t\t\t\t\t<\/div>\n\t\t\t\t<\/div>\n\t\t\t\t\t<\/div>\n\t\t<\/div>\n\t\t\t\t\t<\/div>\n\t\t<\/section>\n\t\t\t\t<section class=\"elementor-section elementor-top-section elementor-element elementor-element-9fcf599 elementor-section-boxed elementor-section-height-default elementor-section-height-default\" data-id=\"9fcf599\" data-element_type=\"section\">\n\t\t\t\t\t\t<div class=\"elementor-container elementor-column-gap-default\">\n\t\t\t\t\t<div class=\"elementor-column elementor-col-100 elementor-top-column elementor-element elementor-element-3c0bca7\" data-id=\"3c0bca7\" data-element_type=\"column\">\n\t\t\t<div class=\"elementor-widget-wrap elementor-element-populated\">\n\t\t\t\t\t\t<div class=\"elementor-element elementor-element-8ee78b2 elementor-widget elementor-widget-spacer\" data-id=\"8ee78b2\" data-element_type=\"widget\" data-widget_type=\"spacer.default\">\n\t\t\t\t<div class=\"elementor-widget-container\">\n\t\t\t\t\t\t\t<div class=\"elementor-spacer\">\n\t\t\t<div class=\"elementor-spacer-inner\"><\/div>\n\t\t<\/div>\n\t\t\t\t\t\t<\/div>\n\t\t\t\t<\/div>\n\t\t\t\t\t<\/div>\n\t\t<\/div>\n\t\t\t\t\t<\/div>\n\t\t<\/section>\n\t\t\t\t<section class=\"elementor-section elementor-top-section elementor-element elementor-element-44efc55f elementor-section-boxed elementor-section-height-default elementor-section-height-default\" data-id=\"44efc55f\" data-element_type=\"section\">\n\t\t\t\t\t\t<div class=\"elementor-container elementor-column-gap-default\">\n\t\t\t\t\t<div class=\"elementor-column elementor-col-50 elementor-top-column elementor-element elementor-element-218598f4\" data-id=\"218598f4\" data-element_type=\"column\">\n\t\t\t<div class=\"elementor-widget-wrap elementor-element-populated\">\n\t\t\t\t\t\t<div class=\"elementor-element elementor-element-537768b gallery-spacing-custom elementor-widget elementor-widget-image-gallery\" data-id=\"537768b\" data-element_type=\"widget\" data-widget_type=\"image-gallery.default\">\n\t\t\t\t<div class=\"elementor-widget-container\">\n\t\t\t\t\t\t\t<div class=\"elementor-image-gallery\">\n\t\t\t<div id='gallery-1' class='gallery galleryid-49 gallery-columns-1 gallery-size-large'><figure class='gallery-item'>\n\t\t\t<div class='gallery-icon landscape'>\n\t\t\t\t<a data-elementor-open-lightbox=\"yes\" data-elementor-lightbox-slideshow=\"537768b\" data-elementor-lightbox-title=\"recepcija\" data-e-action-hash=\"#elementor-action%3Aaction%3Dlightbox%26settings%3DeyJpZCI6MzkyLCJ1cmwiOiJodHRwczpcL1wvcmV1bmlvbnJlc3RhdXJhbnQuaHJcL3dwLWNvbnRlbnRcL3VwbG9hZHNcLzIwMjNcLzAyXC9yZWNlcGNpamEuanBlZyIsInNsaWRlc2hvdyI6IjUzNzc2OGIifQ%3D%3D\" href='https:\/\/reunionrestaurant.hr\/wp-content\/uploads\/2023\/02\/recepcija.jpeg'><img fetchpriority=\"high\" decoding=\"async\" width=\"800\" height=\"800\" src=\"https:\/\/reunionrestaurant.hr\/wp-content\/uploads\/2023\/02\/recepcija-1024x1024.jpeg\" class=\"attachment-large size-large\" alt=\"\" srcset=\"https:\/\/reunionrestaurant.hr\/wp-content\/uploads\/2023\/02\/recepcija-1024x1024.jpeg 1024w, https:\/\/reunionrestaurant.hr\/wp-content\/uploads\/2023\/02\/recepcija-300x300.jpeg 300w, https:\/\/reunionrestaurant.hr\/wp-content\/uploads\/2023\/02\/recepcija-150x150.jpeg 150w, https:\/\/reunionrestaurant.hr\/wp-content\/uploads\/2023\/02\/recepcija-768x768.jpeg 768w, https:\/\/reunionrestaurant.hr\/wp-content\/uploads\/2023\/02\/recepcija.jpeg 1080w\" sizes=\"(max-width: 800px) 100vw, 800px\" \/><\/a>\n\t\t\t<\/div><\/figure>\n\t\t<\/div>\n\t\t<\/div>\n\t\t\t\t\t\t<\/div>\n\t\t\t\t<\/div>\n\t\t\t\t\t<\/div>\n\t\t<\/div>\n\t\t\t\t<div class=\"elementor-column elementor-col-50 elementor-top-column elementor-element elementor-element-b471bce\" data-id=\"b471bce\" data-element_type=\"column\">\n\t\t\t<div class=\"elementor-widget-wrap elementor-element-populated\">\n\t\t\t\t\t\t<div class=\"elementor-element elementor-element-3f574ab8 elementor-widget elementor-widget-heading\" data-id=\"3f574ab8\" data-element_type=\"widget\" data-widget_type=\"heading.default\">\n\t\t\t\t<div class=\"elementor-widget-container\">\n\t\t\t\t\t<h2 class=\"elementor-heading-title elementor-size-default\">Complete<\/h2>\t\t\t\t<\/div>\n\t\t\t\t<\/div>\n\t\t\t\t<div class=\"elementor-element elementor-element-3f157c60 elementor-widget elementor-widget-heading\" data-id=\"3f157c60\" data-element_type=\"widget\" data-widget_type=\"heading.default\">\n\t\t\t\t<div class=\"elementor-widget-container\">\n\t\t\t\t\t<h2 class=\"elementor-heading-title elementor-size-default\">COMFORT<\/h2>\t\t\t\t<\/div>\n\t\t\t\t<\/div>\n\t\t\t\t<div class=\"elementor-element elementor-element-37b33c2e elementor-widget elementor-widget-text-editor\" data-id=\"37b33c2e\" data-element_type=\"widget\" data-widget_type=\"text-editor.default\">\n\t\t\t\t<div class=\"elementor-widget-container\">\n\t\t\t\t\t\t\t\t\t<p style=\"margin: 0cm; font-size: 12pt; font-family: 'Times New Roman', serif; color: #000000;\">Canopy by Hilton is located in the heart of the Croatian capital near many tourist and cultural attractions. The hotel has 151 rooms designed to provide complete comfort with free Wi-Fi, a 49-inch TV, a minibar and a Nespresso\u00ae appliance. The interior of the hotel is inspired by the city\u2019s industrial past, modernism and street art. All guests have at their disposal a retreat zone for relaxation, transfer lounge for early arrivals and later departures, filtered water stations, free bikes, Wi-Fi, spacious 24-hour gym and professional and friendly staff.<\/p>\t\t\t\t\t\t\t\t<\/div>\n\t\t\t\t<\/div>\n\t\t\t\t\t<\/div>\n\t\t<\/div>\n\t\t\t\t\t<\/div>\n\t\t<\/section>\n\t\t\t\t<\/div>","protected":false},"excerpt":{"rendered":"<p>CANOPY BY HILTON Potpuna UDOBNOST Canopy by Hilton nalazi se u srcu na\u0161eg glavnog grada i u blizini mnogih turisti\u010dkih i kulturnih zanimljivosti. Hotel raspola\u017ee sa 151 sobom koje su dizajnirane da pru\u017ee potpunu udobnost uz besplatan Wi-Fi, televizor od 49 incha, mini bar i Nespresso\u00ae aparat. Interijer hotela inspiriran je industrijskom pro\u0161lo\u0161\u0107u grada, modernizmom [&hellip;]<\/p>","protected":false},"author":1,"featured_media":0,"parent":23,"menu_order":0,"comment_status":"closed","ping_status":"closed","template":"","meta":{"_monsterinsights_skip_tracking":false,"_monsterinsights_sitenote_active":false,"_monsterinsights_sitenote_note":"","_monsterinsights_sitenote_category":0,"_uf_show_specific_survey":0,"_uf_disable_surveys":false,"footnotes":""},"class_list":["post-49","page","type-page","status-publish","hentry"],"aioseo_notices":[],"_links":{"self":[{"href":"https:\/\/reunionrestaurant.hr\/en\/wp-json\/wp\/v2\/pages\/49","targetHints":{"allow":["GET"]}}],"collection":[{"href":"https:\/\/reunionrestaurant.hr\/en\/wp-json\/wp\/v2\/pages"}],"about":[{"href":"https:\/\/reunionrestaurant.hr\/en\/wp-json\/wp\/v2\/types\/page"}],"author":[{"embeddable":true,"href":"https:\/\/reunionrestaurant.hr\/en\/wp-json\/wp\/v2\/users\/1"}],"replies":[{"embeddable":true,"href":"https:\/\/reunionrestaurant.hr\/en\/wp-json\/wp\/v2\/comments?post=49"}],"version-history":[{"count":7,"href":"https:\/\/reunionrestaurant.hr\/en\/wp-json\/wp\/v2\/pages\/49\/revisions"}],"predecessor-version":[{"id":398,"href":"https:\/\/reunionrestaurant.hr\/en\/wp-json\/wp\/v2\/pages\/49\/revisions\/398"}],"up":[{"embeddable":true,"href":"https:\/\/reunionrestaurant.hr\/en\/wp-json\/wp\/v2\/pages\/23"}],"wp:attachment":[{"href":"https:\/\/reunionrestaurant.hr\/en\/wp-json\/wp\/v2\/media?parent=49"}],"curies":[{"name":"wp","href":"https:\/\/api.w.org\/{rel}","templated":true}]}}